{"id":926,"date":"2025-12-10T16:21:18","date_gmt":"2025-12-10T15:21:18","guid":{"rendered":"https:\/\/vsalberndorf-pulkautal.ac.at\/?page_id=926"},"modified":"2025-12-10T17:02:37","modified_gmt":"2025-12-10T16:02:37","slug":"schulchor","status":"publish","type":"page","link":"https:\/\/vsalberndorf-pulkautal.ac.at\/?page_id=926","title":{"rendered":"Schulchor"},"content":{"rendered":"<p data-start=\"0\" data-end=\"316\">Unter der musikalischen Leitung von Lehrerin Marlene Baumgartner gestaltet unser Schulchor das Leben in der Ortschaft aktiv mit. Die Kinder treten regelm\u00e4\u00dfig bei \u00f6ffentlichen Veranstaltungen auf \u2013 etwa in der Pfarrkirche, beim Adventfenster der Feuerwehr sowie am Adventmarkt in der Trumauerstra\u00dfe.<\/p>\n<p data-start=\"318\" data-end=\"544\">Im aktuellen Schuljahr \u00fcbernimmt der Chor au\u00dferdem die musikalische Begleitung der Vorstellungsmesse der Erstkommunionskinder und wird im April 2026 die musikalische Gestaltung der Erstkommunionsfeier \u00fcbernehmen.<\/p>\n<p data-start=\"546\" data-end=\"660\" data-is-last-node=\"\" data-is-only-node=\"\">Hier einige Einblicke in die bisherigen Auftritte unserer begeisterten jungen S\u00e4ngerinnen und S\u00e4nger:<\/p>\n<p data-start=\"546\" data-end=\"660\" data-is-last-node=\"\" data-is-only-node=\"\"><strong>Auftritt bei der Heiligen Messe mit Adventkranzweihe<\/strong><\/p>\n<p data-start=\"546\" data-end=\"660\" data-is-last-node=\"\" data-is-only-node=\"\"><img loading=\"lazy\" decoding=\"async\" class=\"aligncenter size-full wp-image-937\" src=\"https:\/\/vsalberndorf-pulkautal.ac.at\/wp-content\/uploads\/2025\/12\/Schulchor_11-scaled.jpg\" alt=\"\" width=\"2560\" height=\"1920\" srcset=\"https:\/\/vsalberndorf-pulkautal.ac.at\/wp-content\/uploads\/2025\/12\/Schulchor_11-scaled.jpg 2560w, https:\/\/vsalberndorf-pulkautal.ac.at\/wp-content\/uploads\/2025\/12\/Schulchor_11-300x225.jpg 300w, https:\/\/vsalberndorf-pulkautal.ac.at\/wp-content\/uploads\/2025\/12\/Schulchor_11-1024x768.jpg 1024w, https:\/\/vsalberndorf-pulkautal.ac.at\/wp-content\/uploads\/2025\/12\/Schulchor_11-768x576.jpg 768w, https:\/\/vsalberndorf-pulkautal.ac.at\/wp-content\/uploads\/2025\/12\/Schulchor_11-1536x1152.jpg 1536w, https:\/\/vsalberndorf-pulkautal.ac.at\/wp-content\/uploads\/2025\/12\/Schulchor_11-2048x1536.jpg 2048w\" sizes=\"auto, (max-width: 2560px) 100vw, 2560px\" \/><\/p>\n<p data-start=\"546\" data-end=\"660\" data-is-last-node=\"\" data-is-only-node=\"\"><strong>Auftritt beim Adventfenster der Freiwilligen Feuerwehr Alberndorf<\/strong><\/p>\n<p data-start=\"546\" data-end=\"660\" data-is-last-node=\"\" data-is-only-node=\"\"><img loading=\"lazy\" decoding=\"async\" class=\"aligncenter size-full wp-image-940\" src=\"https:\/\/vsalberndorf-pulkautal.ac.at\/wp-content\/uploads\/2025\/12\/Schulchor_8-1.jpg\" alt=\"\" width=\"2048\" height=\"1536\" srcset=\"https:\/\/vsalberndorf-pulkautal.ac.at\/wp-content\/uploads\/2025\/12\/Schulchor_8-1.jpg 2048w, https:\/\/vsalberndorf-pulkautal.ac.at\/wp-content\/uploads\/2025\/12\/Schulchor_8-1-300x225.jpg 300w, https:\/\/vsalberndorf-pulkautal.ac.at\/wp-content\/uploads\/2025\/12\/Schulchor_8-1-1024x768.jpg 1024w, https:\/\/vsalberndorf-pulkautal.ac.at\/wp-content\/uploads\/2025\/12\/Schulchor_8-1-768x576.jpg 768w, https:\/\/vsalberndorf-pulkautal.ac.at\/wp-content\/uploads\/2025\/12\/Schulchor_8-1-1536x1152.jpg 1536w\" sizes=\"auto, (max-width: 2048px) 100vw, 2048px\" \/> <img loading=\"lazy\" decoding=\"async\" class=\"aligncenter wp-image-943 size-full\" src=\"https:\/\/vsalberndorf-pulkautal.ac.at\/wp-content\/uploads\/2025\/12\/Schulchor_4-1-e1765382437329.jpg\" alt=\"\" width=\"1960\" height=\"1205\" srcset=\"https:\/\/vsalberndorf-pulkautal.ac.at\/wp-content\/uploads\/2025\/12\/Schulchor_4-1-e1765382437329.jpg 1960w, https:\/\/vsalberndorf-pulkautal.ac.at\/wp-content\/uploads\/2025\/12\/Schulchor_4-1-e1765382437329-300x184.jpg 300w, https:\/\/vsalberndorf-pulkautal.ac.at\/wp-content\/uploads\/2025\/12\/Schulchor_4-1-e1765382437329-1024x630.jpg 1024w, https:\/\/vsalberndorf-pulkautal.ac.at\/wp-content\/uploads\/2025\/12\/Schulchor_4-1-e1765382437329-768x472.jpg 768w, https:\/\/vsalberndorf-pulkautal.ac.at\/wp-content\/uploads\/2025\/12\/Schulchor_4-1-e1765382437329-1536x944.jpg 1536w\" sizes=\"auto, (max-width: 1960px) 100vw, 1960px\" \/><\/p>\n<p data-start=\"546\" data-end=\"660\" data-is-last-node=\"\" data-is-only-node=\"\">\n","protected":false},"excerpt":{"rendered":"<p>Unter der musikalischen Leitung von Lehrerin Marlene Baumgartner gestaltet unser Schulchor das Leben in der Ortschaft aktiv mit. Die Kinder treten regelm\u00e4\u00dfig bei \u00f6ffentlichen Veranstaltungen auf \u2013 etwa in der Pfarrkirche, beim Adventfenster der Feuerwehr sowie am Adventmarkt in der Trumauerstra\u00dfe. Im aktuellen Schuljahr \u00fcbernimmt der Chor au\u00dferdem die musikalische Begleitung der Vorstellungsmesse der Erstkommunionskinder &hellip; <a href=\"https:\/\/vsalberndorf-pulkautal.ac.at\/?page_id=926\" class=\"more-link\"><span class=\"screen-reader-text\">Schulchor<\/span> weiterlesen <span class=\"meta-nav\">&rarr;<\/span><\/a><\/p>\n","protected":false},"author":2,"featured_media":0,"parent":0,"menu_order":0,"comment_status":"closed","ping_status":"closed","template":"","meta":{"footnotes":""},"class_list":["post-926","page","type-page","status-publish","hentry"],"_links":{"self":[{"href":"https:\/\/vsalberndorf-pulkautal.ac.at\/index.php?rest_route=\/wp\/v2\/pages\/926","targetHints":{"allow":["GET"]}}],"collection":[{"href":"https:\/\/vsalberndorf-pulkautal.ac.at\/index.php?rest_route=\/wp\/v2\/pages"}],"about":[{"href":"https:\/\/vsalberndorf-pulkautal.ac.at\/index.php?rest_route=\/wp\/v2\/types\/page"}],"author":[{"embeddable":true,"href":"https:\/\/vsalberndorf-pulkautal.ac.at\/index.php?rest_route=\/wp\/v2\/users\/2"}],"replies":[{"embeddable":true,"href":"https:\/\/vsalberndorf-pulkautal.ac.at\/index.php?rest_route=%2Fwp%2Fv2%2Fcomments&post=926"}],"version-history":[{"count":4,"href":"https:\/\/vsalberndorf-pulkautal.ac.at\/index.php?rest_route=\/wp\/v2\/pages\/926\/revisions"}],"predecessor-version":[{"id":955,"href":"https:\/\/vsalberndorf-pulkautal.ac.at\/index.php?rest_route=\/wp\/v2\/pages\/926\/revisions\/955"}],"wp:attachment":[{"href":"https:\/\/vsalberndorf-pulkautal.ac.at\/index.php?rest_route=%2Fwp%2Fv2%2Fmedia&parent=926"}],"curies":[{"name":"wp","href":"https:\/\/api.w.org\/{rel}","templated":true}]}}