{"id":89,"date":"2022-10-12T22:22:02","date_gmt":"2022-10-12T20:22:02","guid":{"rendered":"https:\/\/vsalberndorf-pulkautal.ac.at\/?page_id=89"},"modified":"2024-10-04T21:18:17","modified_gmt":"2024-10-04T19:18:17","slug":"leitgedanke","status":"publish","type":"page","link":"https:\/\/vsalberndorf-pulkautal.ac.at\/","title":{"rendered":"Leitbild"},"content":{"rendered":"<p><img loading=\"lazy\" decoding=\"async\" class=\"aligncenter size-full wp-image-520\" src=\"https:\/\/vsalberndorf-pulkautal.ac.at\/wp-content\/uploads\/2024\/10\/Menti-2.jpg\" alt=\"\" width=\"731\" height=\"398\" srcset=\"https:\/\/vsalberndorf-pulkautal.ac.at\/wp-content\/uploads\/2024\/10\/Menti-2.jpg 731w, https:\/\/vsalberndorf-pulkautal.ac.at\/wp-content\/uploads\/2024\/10\/Menti-2-300x163.jpg 300w\" sizes=\"auto, (max-width: 731px) 100vw, 731px\" \/><\/p>\n<h6 class=\"VStil18\"><strong>Wir f\u00f6rdern und fordern die intellektuelle Entwicklung unserer Sch\u00fclerinnen und Sch\u00fcler.<\/strong><\/h6>\n<ul>\n<li>Mit f\u00fcr Kinder geeigneten Lehr- und Lernformen unterst\u00fctzen wir unsere Sch\u00fclerinnen und Sch\u00fcler beim Erlernen der\u00a0<strong>Kulturtechniken<\/strong>\u00a0Lesen, Schreiben und Rechnen.<\/li>\n<li>Die Sch\u00fclerinnen und Sch\u00fcler lernen in unserer Schule ihre St\u00e4rken kennen und\u00a0entwickeln\u00a0dadurch Selbstvertrauen.<\/li>\n<li>Wir wollen ihre\u00a0<strong>Neugierde<\/strong>\u00a0und\u00a0<strong>Begeisterung<\/strong>\u00a0wecken und sie offen f\u00fcr die Vielfalt dieser Welt machen.<\/li>\n<li>Die Sch\u00fclerinnen und Sch\u00fcler sollen eigenverantwortliches Arbeiten und Handeln erlernen und ein hohes Ma\u00df an Eigeninitiative entwickeln.<\/li>\n<\/ul>\n<h6><strong>Wir fordern Leistung und f\u00f6rdern Leistungsbereitschaft.<\/strong><\/h6>\n<ul>\n<li>Wir sehen Leistung als positiven Wert, denn sie tr\u00e4gt wesentlich zur\u00a0<strong>Pers\u00f6nlichkeitsentwicklung<\/strong>\u00a0bei.<\/li>\n<li>Die Leistungsanforderungen an unserer Schule sichern einen Wissensstand, der den Sch\u00fclerinnen und Sch\u00fclern hilft, ihren weiteren Lebensweg gut zu bew\u00e4ltigen.<\/li>\n<li>Um dies zu erreichen, erwarten wir Leistungsbereitschaft, die wir durch eine Didaktik der Ermutigung, durch Methodenkompetenz und durch Eingehen auf individuelle Bed\u00fcrfnisse der Sch\u00fclerinnen und Sch\u00fcler <strong>f\u00f6rdern<\/strong>.<\/li>\n<li>Herzlichkeit,\u00a0<strong>Humor<\/strong>\u00a0und respektvoller Umgang mit den Mitmenschen sind uns dabei sehr wichtig.<\/li>\n<\/ul>\n<h6>Wir f\u00f6rdern und fordern die soziale Kompetenz unserer Sch\u00fclerinnen und Sch\u00fcler.<\/h6>\n<ul>\n<li>Die Kinder sollen erkennen, dass sie Teil einer Gemeinschaft sind, in der gegenseitige <strong>Toleranz<\/strong>, wertsch\u00e4tzendes und solidarisches Handeln wichtig sind.<\/li>\n<li>Ohne die dazu erforderliche\u00a0<strong>Disziplin<\/strong>\u00a0ist gemeinsames Lernen nicht m\u00f6glich. Diese fordern wir auch ein.<\/li>\n<li>Wir versuchen als Vorbild <strong>Verst\u00e4ndnis<\/strong> und <strong>Achtung<\/strong> f\u00fcr andere Menschen und f\u00fcr unsere Umwelt zu vermitteln. Unsere Sch\u00fclerinnen und Sch\u00fcler sollen erkennen, dass sie Teil einer Umwelt sind, die sie mitgestalten k\u00f6nnen und sollen. Dies schlie\u00dft auch nachhaltiges Denken und Handeln ein.<\/li>\n<li>Im Umgang miteinander sollen die Kinder lernen, Konflikte fair auszutragen. Sie erwerben in speziellen Unterrichtssequenzen <strong>soziale Kompetenz<\/strong>. Besonderen Wert legen wir auf zielorientiertes Arbeiten im Team, Verl\u00e4sslichkeit und sicheres Auftreten vor anderen.<\/li>\n<\/ul>\n<h6 class=\"VStil18\"><strong>Als Teil der Schulpartnerschaft nehmen wir im Rahmen derselben Aufgaben und Pflichten aktiv wahr und begegnen den anderen Partnern\/Partnerinnen mit Wertsch\u00e4tzung.<\/strong><\/h6>\n<ul>\n<li>Das partnerschaftliche\u00a0<strong>Zuammenwirken<\/strong>\u00a0von Direktion, Lehrenden, Eltern bzw. Erziehungsberechtigten, dem Schulerhalter sowie den Schulbeh\u00f6rden sehen wir als Grundlage f\u00fcr den Erfolg unserer Bildungs- und Erziehungsaufgabe.<\/li>\n<li>In diesem Sinn wollen wir unseren (Schul-)Partnern\u00a0<strong>wertsch\u00e4tzend<\/strong>\u00a0und r\u00fccksichtsvoll begegnen und mit ihnen gute Zusammenarbeit pflegen. Wir suchen und erm\u00f6glichen bewusst das Gespr\u00e4ch mit ihnen, um ein gutes Miteinander zu f\u00f6rdern. Wir sehen uns als\u00a0<strong>Berater in Lernfragen<\/strong>\u00a0und suchen in offenen Diskussionen konstruktive L\u00f6sungen f\u00fcr Probleme und Anliegen.<\/li>\n<li>Initiativen und Aktivit\u00e4ten unserer Schulpartner\/Schulpartnerinnen sind uns willkommen. Sie bereichern das Schulleben und st\u00e4rken die Schulgemeinschaft. Wir wollen sie nach den uns zur Verf\u00fcgung stehenden M\u00f6glichkeiten unterst\u00fctzen.<\/li>\n<\/ul>\n<article id=\"post-67\" class=\"post-67 post type-post status-publish format-standard hentry category-uncategorized\">\n<div class=\"entry-content\">\n<p>&nbsp;<\/p>\n<\/div>\n<\/article>\n","protected":false},"excerpt":{"rendered":"<p>Wir f\u00f6rdern und fordern die intellektuelle Entwicklung unserer Sch\u00fclerinnen und Sch\u00fcler. Mit f\u00fcr Kinder geeigneten Lehr- und Lernformen unterst\u00fctzen wir unsere Sch\u00fclerinnen und Sch\u00fcler beim Erlernen der\u00a0Kulturtechniken\u00a0Lesen, Schreiben und Rechnen. Die Sch\u00fclerinnen und Sch\u00fcler lernen in unserer Schule ihre St\u00e4rken kennen und\u00a0entwickeln\u00a0dadurch Selbstvertrauen. Wir wollen ihre\u00a0Neugierde\u00a0und\u00a0Begeisterung\u00a0wecken und sie offen f\u00fcr die Vielfalt dieser Welt machen. &hellip; <a href=\"https:\/\/vsalberndorf-pulkautal.ac.at\/\" class=\"more-link\"><span class=\"screen-reader-text\">Leitbild<\/span> weiterlesen <span class=\"meta-nav\">&rarr;<\/span><\/a><\/p>\n","protected":false},"author":2,"featured_media":0,"parent":0,"menu_order":0,"comment_status":"closed","ping_status":"closed","template":"","meta":{"footnotes":""},"class_list":["post-89","page","type-page","status-publish","hentry"],"_links":{"self":[{"href":"https:\/\/vsalberndorf-pulkautal.ac.at\/index.php?rest_route=\/wp\/v2\/pages\/89","targetHints":{"allow":["GET"]}}],"collection":[{"href":"https:\/\/vsalberndorf-pulkautal.ac.at\/index.php?rest_route=\/wp\/v2\/pages"}],"about":[{"href":"https:\/\/vsalberndorf-pulkautal.ac.at\/index.php?rest_route=\/wp\/v2\/types\/page"}],"author":[{"embeddable":true,"href":"https:\/\/vsalberndorf-pulkautal.ac.at\/index.php?rest_route=\/wp\/v2\/users\/2"}],"replies":[{"embeddable":true,"href":"https:\/\/vsalberndorf-pulkautal.ac.at\/index.php?rest_route=%2Fwp%2Fv2%2Fcomments&post=89"}],"version-history":[{"count":10,"href":"https:\/\/vsalberndorf-pulkautal.ac.at\/index.php?rest_route=\/wp\/v2\/pages\/89\/revisions"}],"predecessor-version":[{"id":521,"href":"https:\/\/vsalberndorf-pulkautal.ac.at\/index.php?rest_route=\/wp\/v2\/pages\/89\/revisions\/521"}],"wp:attachment":[{"href":"https:\/\/vsalberndorf-pulkautal.ac.at\/index.php?rest_route=%2Fwp%2Fv2%2Fmedia&parent=89"}],"curies":[{"name":"wp","href":"https:\/\/api.w.org\/{rel}","templated":true}]}}