{"id":13,"date":"2020-04-27T11:14:24","date_gmt":"2020-04-27T09:14:24","guid":{"rendered":"http:\/\/vsalberndorf-pulkautal.ac.at\/?page_id=13"},"modified":"2026-02-03T19:15:52","modified_gmt":"2026-02-03T18:15:52","slug":"aktuelles","status":"publish","type":"page","link":"https:\/\/vsalberndorf-pulkautal.ac.at\/?page_id=13","title":{"rendered":"Aktuelles"},"content":{"rendered":"<article class=\"text-token-text-primary w-full focus:outline-none [--shadow-height:45px] has-data-writing-block:pointer-events-none has-data-writing-block:-mt-(--shadow-height) has-data-writing-block:pt-(--shadow-height) [&amp;:has([data-writing-block])&gt;*]:pointer-events-auto scroll-mt-(--header-height)\" dir=\"auto\" tabindex=\"-1\" data-turn-id=\"282db6cd-6ff8-42fe-a56b-679f0e1d7589\" data-testid=\"conversation-turn-1\" data-scroll-anchor=\"false\" data-turn=\"user\">\n<div class=\"text-base my-auto mx-auto pt-3 [--thread-content-margin:--spacing(4)] @w-sm\/main:[--thread-content-margin:--spacing(6)] @w-lg\/main:[--thread-content-margin:--spacing(16)] px-(--thread-content-margin)\">\n<div class=\"[--thread-content-max-width:40rem] @w-lg\/main:[--thread-content-max-width:48rem] mx-auto max-w-(--thread-content-max-width) flex-1 group\/turn-messages focus-visible:outline-hidden relative flex w-full min-w-0 flex-col\" tabindex=\"-1\">\n<div class=\"z-0 flex justify-end\"><\/div>\n<\/div>\n<\/div>\n<\/article>\n<article class=\"text-token-text-primary w-full focus:outline-none [--shadow-height:45px] has-data-writing-block:pointer-events-none has-data-writing-block:-mt-(--shadow-height) has-data-writing-block:pt-(--shadow-height) [&amp;:has([data-writing-block])&gt;*]:pointer-events-auto [content-visibility:auto] supports-[content-visibility:auto]:[contain-intrinsic-size:auto_100lvh] scroll-mt-[calc(var(--header-height)+min(200px,max(70px,20svh)))]\" dir=\"auto\" tabindex=\"-1\" data-turn-id=\"request-WEB:a598b38d-43cd-4dc8-adfd-2f1f5b31a54b-0\" data-testid=\"conversation-turn-2\" data-scroll-anchor=\"true\" data-turn=\"assistant\">\n<div class=\"text-base my-auto mx-auto pb-10 [--thread-content-margin:--spacing(4)] @w-sm\/main:[--thread-content-margin:--spacing(6)] @w-lg\/main:[--thread-content-margin:--spacing(16)] px-(--thread-content-margin)\">\n<div class=\"[--thread-content-max-width:40rem] @w-lg\/main:[--thread-content-max-width:48rem] mx-auto max-w-(--thread-content-max-width) flex-1 group\/turn-messages focus-visible:outline-hidden relative flex w-full min-w-0 flex-col agent-turn\" tabindex=\"-1\">\n<div class=\"flex max-w-full flex-col grow\">\n<div class=\"min-h-8 text-message relative flex w-full flex-col items-end gap-2 text-start break-words whitespace-normal [.text-message+&amp;]:mt-1\" dir=\"auto\" data-message-author-role=\"assistant\" data-message-id=\"968596c1-c678-47cc-ba56-fd66f6a1d25d\" data-message-model-slug=\"gpt-5-2\">\n<div class=\"flex w-full flex-col gap-1 empty:hidden first:pt-[1px]\">\n<div class=\"markdown prose dark:prose-invert w-full wrap-break-word light markdown-new-styling\">\n<p data-start=\"0\" data-end=\"350\" data-is-last-node=\"\" data-is-only-node=\"\">Im Rahmen des Unterrichtsgegenstands \u201eTechnik und Design\u201c wurden die Kinder der 3. und 4. Schulstufe kreativ t\u00e4tig: Mit viel Geschick und Freude entstanden herzige Schneem\u00e4nner mittels Trockenfilztechnik.<\/p>\n<p data-start=\"0\" data-end=\"350\" data-is-last-node=\"\" data-is-only-node=\"\">Mit gro\u00dfer Begeisterung und sichtbarem Stolz pr\u00e4sentierten die Kinder ihre gelungenen Werkst\u00fccke \u2013 eine tolle kreative Leistung!<\/p>\n<\/div>\n<p data-start=\"0\" data-end=\"350\" data-is-last-node=\"\" data-is-only-node=\"\"><img loading=\"lazy\" decoding=\"async\" class=\"aligncenter size-full wp-image-1016\" src=\"https:\/\/vsalberndorf-pulkautal.ac.at\/wp-content\/uploads\/2026\/02\/Filzschneemann-scaled.jpg\" alt=\"\" width=\"2560\" height=\"1920\" srcset=\"https:\/\/vsalberndorf-pulkautal.ac.at\/wp-content\/uploads\/2026\/02\/Filzschneemann-scaled.jpg 2560w, https:\/\/vsalberndorf-pulkautal.ac.at\/wp-content\/uploads\/2026\/02\/Filzschneemann-300x225.jpg 300w, https:\/\/vsalberndorf-pulkautal.ac.at\/wp-content\/uploads\/2026\/02\/Filzschneemann-1024x768.jpg 1024w, https:\/\/vsalberndorf-pulkautal.ac.at\/wp-content\/uploads\/2026\/02\/Filzschneemann-768x576.jpg 768w, https:\/\/vsalberndorf-pulkautal.ac.at\/wp-content\/uploads\/2026\/02\/Filzschneemann-1536x1152.jpg 1536w, https:\/\/vsalberndorf-pulkautal.ac.at\/wp-content\/uploads\/2026\/02\/Filzschneemann-2048x1536.jpg 2048w\" sizes=\"auto, (max-width: 2560px) 100vw, 2560px\" \/><\/p>\n<\/div>\n<\/div>\n<\/div>\n<\/div>\n<\/div>\n<\/article>\n<p>&nbsp;<\/p>\n<p>&nbsp;<\/p>\n<p>&nbsp;<\/p>\n<p>&nbsp;<\/p>\n<p>&nbsp;<\/p>\n<p>&nbsp;<\/p>\n<p>&nbsp;<\/p>\n<p>&nbsp;<\/p>\n<p>&nbsp;<\/p>\n<p>&nbsp;<\/p>\n<p>&nbsp;<\/p>\n<p>&nbsp;<\/p>\n<p>&nbsp;<\/p>\n<p>&nbsp;<\/p>\n<p>&nbsp;<\/p>\n<p>&nbsp;<\/p>\n<p>&nbsp;<\/p>\n<p>&nbsp;<\/p>\n<p>&nbsp;<\/p>\n<p>&nbsp;<\/p>\n<p>&nbsp;<\/p>\n<p>&nbsp;<\/p>\n<p>&nbsp;<\/p>\n<p>&nbsp;<\/p>\n<p>&nbsp;<\/p>\n","protected":false},"excerpt":{"rendered":"<p>Im Rahmen des Unterrichtsgegenstands \u201eTechnik und Design\u201c wurden die Kinder der 3. und 4. Schulstufe kreativ t\u00e4tig: Mit viel Geschick und Freude entstanden herzige Schneem\u00e4nner mittels Trockenfilztechnik. Mit gro\u00dfer Begeisterung und sichtbarem Stolz pr\u00e4sentierten die Kinder ihre gelungenen Werkst\u00fccke \u2013 eine tolle kreative Leistung! &nbsp; &nbsp; &nbsp; &nbsp; &nbsp; &nbsp; &nbsp; &nbsp; &nbsp; &nbsp; &nbsp; &hellip; <a href=\"https:\/\/vsalberndorf-pulkautal.ac.at\/?page_id=13\" class=\"more-link\"><span class=\"screen-reader-text\">Aktuelles<\/span> weiterlesen <span class=\"meta-nav\">&rarr;<\/span><\/a><\/p>\n","protected":false},"author":2,"featured_media":0,"parent":0,"menu_order":0,"comment_status":"closed","ping_status":"closed","template":"","meta":{"footnotes":""},"class_list":["post-13","page","type-page","status-publish","hentry"],"_links":{"self":[{"href":"https:\/\/vsalberndorf-pulkautal.ac.at\/index.php?rest_route=\/wp\/v2\/pages\/13","targetHints":{"allow":["GET"]}}],"collection":[{"href":"https:\/\/vsalberndorf-pulkautal.ac.at\/index.php?rest_route=\/wp\/v2\/pages"}],"about":[{"href":"https:\/\/vsalberndorf-pulkautal.ac.at\/index.php?rest_route=\/wp\/v2\/types\/page"}],"author":[{"embeddable":true,"href":"https:\/\/vsalberndorf-pulkautal.ac.at\/index.php?rest_route=\/wp\/v2\/users\/2"}],"replies":[{"embeddable":true,"href":"https:\/\/vsalberndorf-pulkautal.ac.at\/index.php?rest_route=%2Fwp%2Fv2%2Fcomments&post=13"}],"version-history":[{"count":32,"href":"https:\/\/vsalberndorf-pulkautal.ac.at\/index.php?rest_route=\/wp\/v2\/pages\/13\/revisions"}],"predecessor-version":[{"id":1023,"href":"https:\/\/vsalberndorf-pulkautal.ac.at\/index.php?rest_route=\/wp\/v2\/pages\/13\/revisions\/1023"}],"wp:attachment":[{"href":"https:\/\/vsalberndorf-pulkautal.ac.at\/index.php?rest_route=%2Fwp%2Fv2%2Fmedia&parent=13"}],"curies":[{"name":"wp","href":"https:\/\/api.w.org\/{rel}","templated":true}]}}